{"id":10,"date":"2022-07-11T11:48:14","date_gmt":"2022-07-11T11:48:14","guid":{"rendered":"https:\/\/rena.jezik.hr\/?page_id=10"},"modified":"2025-05-14T20:24:03","modified_gmt":"2025-05-14T18:24:03","slug":"suradnici","status":"publish","type":"page","link":"https:\/\/de-imitatione.jezik.hr\/en\/suradnici\/","title":{"rendered":"Suradnici"},"content":{"rendered":"<div class=\"wp-block-cover alignfull\" style=\"min-height:300px;aspect-ratio:unset;\"><span aria-hidden=\"true\" class=\"wp-block-cover__background has-nv-site-bg-background-color has-background-dim-100 has-background-dim\"><\/span><div class=\"wp-block-cover__inner-container is-layout-flow wp-block-cover-is-layout-flow\">\n<div class=\"wp-block-group\"><div class=\"wp-block-group__inner-container is-layout-flow wp-block-group-is-layout-flow\">\n<h1 class=\"wp-block-heading has-text-align-left has-neve-text-color-color has-text-color\">Suradnici<\/h1>\n<\/div><\/div>\n<\/div><\/div>\n\n\n\n<div class=\"wp-block-cover alignfull has-neve-link-color-color has-text-color has-link-color wp-elements-37d18106a2333b213fa698967a3db9c7\" style=\"min-height:391px;aspect-ratio:unset;\"><span aria-hidden=\"true\" class=\"wp-block-cover__background has-nv-light-bg-background-color has-background-dim-100 has-background-dim\"><\/span><div class=\"wp-block-cover__inner-container is-layout-flow wp-block-cover-is-layout-flow\">\n<div class=\"wp-block-group\"><div class=\"wp-block-group__inner-container is-layout-flow wp-block-group-is-layout-flow\">\n<div class=\"wp-block-columns is-layout-flex wp-container-core-columns-is-layout-9d6595d7 wp-block-columns-is-layout-flex\">\n<div class=\"wp-block-column is-layout-flow wp-block-column-is-layout-flow\">\n<p class=\"has-neve-link-color-color has-text-color\" style=\"font-size:25px\"><strong>voditeljica projekta<\/strong><\/p>\n\n\n\n<p style=\"font-size:25px\"><a href=\"http:\/\/ihjj.hr\/istrazivac\/sanja-peric-gavrancic\/24\/\">dr. sc. Sanja Peri\u0107 Gavran\u010di\u0107<\/a>, znanstvena savjetnica, IHJ (<em>speric@ihjj.hr<\/em>)<\/p>\n\n\n\n<p style=\"font-size:25px\"><\/p>\n\n\n\n<p style=\"font-size:25px\"><\/p>\n\n\n\n<p style=\"font-size:25px\"><\/p>\n\n\n\n<p style=\"font-size:25px\"><\/p>\n\n\n\n<p class=\"has-neve-link-color-color has-text-color\" style=\"font-size:25px\"><strong>suradnici<\/strong><\/p>\n\n\n\n<p style=\"font-size:25px\"><a href=\"http:\/\/ihjj.hr\/istrazivac\/marijana-horvat\/22\/\">dr. sc. Marijana Horvat<\/a>, znanstvena savjetnica u trajnome izboru, IHJ (<em>mhorvat@ihjj.hr<\/em>)<\/p>\n\n\n\n<p class=\"has-neve-link-color-color has-text-color\" style=\"font-size:25px\"><a href=\"http:\/\/ihjj.hr\/istrazivac\/zeljka-brlobas\/36\/\">dr. sc. \u017deljka Brloba\u0161<\/a>, znanstvena savjetnica u trajnome izboru, IHJ (<em>zbrlobas@ihjj.hr<\/em>)<\/p>\n\n\n\n<p class=\"has-neve-link-color-color has-text-color\" style=\"font-size:25px\"><a href=\"http:\/\/ihjj.hr\/istrazivac\/ivana-lovric-jovic\/25\/\">dr. sc. Ivana Lovri\u0107 Jovi\u0107<\/a>, vi\u0161a znanstvena suradnica, IHJ (<em>ilovric@ihjj.hr<\/em>)<\/p>\n\n\n\n<p class=\"has-neve-link-color-color has-text-color\" style=\"font-size:25px\"><a href=\"http:\/\/ihjj.hr\/istrazivac\/vuk-tadija-barbaric\/11\/\">dr. sc. Vuk-Tadija Barbari\u0107<\/a>, vi\u0161i znanstveni suradnik, IHJ (<em>vtbarbar@ihjj.hr<\/em>)<\/p>\n<\/div>\n<\/div>\n<\/div><\/div>\n<\/div><\/div>\n\n\n\n<p><\/p>","protected":false},"excerpt":{"rendered":"","protected":false},"author":1,"featured_media":0,"parent":0,"menu_order":0,"comment_status":"closed","ping_status":"closed","template":"","meta":{"neve_meta_sidebar":"","neve_meta_container":"","neve_meta_enable_content_width":"on","neve_meta_content_width":100,"neve_meta_title_alignment":"","neve_meta_author_avatar":"","neve_post_elements_order":"","neve_meta_disable_header":"","neve_meta_disable_footer":"","neve_meta_disable_title":"on","footnotes":""},"class_list":["post-10","page","type-page","status-publish","hentry"],"_links":{"self":[{"href":"https:\/\/de-imitatione.jezik.hr\/en\/wp-json\/wp\/v2\/pages\/10","targetHints":{"allow":["GET"]}}],"collection":[{"href":"https:\/\/de-imitatione.jezik.hr\/en\/wp-json\/wp\/v2\/pages"}],"about":[{"href":"https:\/\/de-imitatione.jezik.hr\/en\/wp-json\/wp\/v2\/types\/page"}],"author":[{"embeddable":true,"href":"https:\/\/de-imitatione.jezik.hr\/en\/wp-json\/wp\/v2\/users\/1"}],"replies":[{"embeddable":true,"href":"https:\/\/de-imitatione.jezik.hr\/en\/wp-json\/wp\/v2\/comments?post=10"}],"version-history":[{"count":33,"href":"https:\/\/de-imitatione.jezik.hr\/en\/wp-json\/wp\/v2\/pages\/10\/revisions"}],"predecessor-version":[{"id":1053,"href":"https:\/\/de-imitatione.jezik.hr\/en\/wp-json\/wp\/v2\/pages\/10\/revisions\/1053"}],"wp:attachment":[{"href":"https:\/\/de-imitatione.jezik.hr\/en\/wp-json\/wp\/v2\/media?parent=10"}],"curies":[{"name":"wp","href":"https:\/\/api.w.org\/{rel}","templated":true}]}}